{"id":139,"date":"2017-09-08T09:51:59","date_gmt":"2017-09-08T07:51:59","guid":{"rendered":"https:\/\/www.broadcastl.com\/?page_id=139"},"modified":"2019-09-06T11:21:48","modified_gmt":"2019-09-06T09:21:48","slug":"impressum","status":"publish","type":"page","link":"https:\/\/www.broadcastl.com\/en\/impressum\/","title":{"rendered":"Impressum"},"content":{"rendered":"<p>BroadCastl by Radiocity Infotainment GmbH<br \/>\nHauptstra\u00dfe 40<br \/>\n6973 H\u00f6chst<br \/>\n\u00d6sterreich<\/p>\n<p>Firmenbuch Nr 393720a<br \/>\nUID: ATU67905957<\/p>\n<p>Telefon: +43 5574 821 605<br \/>\nFax: +43 5574 821 60 85<br \/>\n&#x69;&#x6e;&#102;&#111;&#64;b&#x72;&#x6f;&#x61;&#100;&#99;as&#x74;&#x6c;&#x2e;&#99;&#111;m<\/p>\n<p>Bildrechte:<br \/>\nHappy business woman hold credit card: \u00a9 Yuriy Shevtsov \u2013 AdobeStock<br \/>\nSupport Team: Mario Bertolini<\/p>\n<p>Copyright<br \/>\nAlle Rechte, auch die der fotomechanischen Wiedergabe, der Vervielf\u00e4ltigung und der Verbreitung mittels besonderer Verfahren (zum Beispiel Datenverarbeitung, Datentr\u00e4ger, Datennetze), auch teilweise, beh\u00e4lt sich der Seiteninhaber vor. F\u00fcr etwaige Satzfehler sowie f\u00fcr die Richtigkeit der Eintragungen \u00fcbernimmt der Seiteninhaber keine Gew\u00e4hr.<\/p>\n<p>Haftungsausschluss (Disclaimer)<br \/>\nHaftung f\u00fcr Inhalte<\/p>\n<p>Die Inhalte unserer Seiten wurden mit gr\u00f6\u00dfter Sorgfalt erstellt. F\u00fcr die Richtigkeit, Vollst\u00e4ndigkeit und Aktualit\u00e4t der Inhalte k\u00f6nnen wir jedoch keine Gew\u00e4hr \u00fcbernehmen.<\/p>\n<p>Als Diensteanbieter sind wir gem\u00e4\u00df \u00a7 7 Abs.1 TMG f\u00fcr eigene Inhalte auf diesen Seiten nach den allgemeinen Gesetzen verantwortlich. Nach \u00a7\u00a7 8 bis 10 TMG sind wir als Diensteanbieter jedoch nicht verpflichtet, \u00fcbermittelte oder gespeicherte fremde Informationen zu \u00fcberwachen oder nach Umst\u00e4nden zu forschen, die auf eine rechtswidrige T\u00e4tigkeit hinweisen. Verpflichtungen zur Entfernung oder Sperrung der Nutzung von Informationen nach den allgemeinen Gesetzen bleiben hiervon unber\u00fchrt. Eine diesbez\u00fcgliche Haftung ist jedoch erst ab dem Zeitpunkt der Kenntnis einer konkreten Rechtsverletzung m\u00f6glich. Bei bekannt werden von entsprechenden Rechtsverletzungen werden wir diese Inhalte umgehend entfernen.<\/p>\n<p>Haftung f\u00fcr Links<\/p>\n<p>Unser Angebot enth\u00e4lt Links zu externen Webseiten Dritter, auf deren Inhalte wir keinen Einfluss haben. Deshalb k\u00f6nnen wir f\u00fcr diese fremden Inhalte auch keine Gew\u00e4hr \u00fcbernehmen. F\u00fcr die Inhalte der verlinkten Seiten ist stets der jeweilige Anbieter oder Betreiber der Seiten verantwortlich. Die verlinkten Seiten wurden zum Zeitpunkt der Verlinkung auf m\u00f6gliche Rechtsverst\u00f6\u00dfe \u00fcberpr\u00fcft. Rechtswidrige Inhalte waren zum Zeitpunkt der Verlinkung nicht erkennbar. Eine permanente inhaltliche Kontrolle der verlinkten Seiten ist jedoch ohne konkrete Anhaltspunkte einer Rechtsverletzung nicht zumutbar. Bei Bekanntwerden von Rechtsverletzungen werden wir derartige Links umgehend entfernen.<\/p>\n<p>Urheberrecht<\/p>\n<p>Die durch die Seitenbetreiber erstellten Inhalte und Werke auf diesen Seiten unterliegen dem deutschen Urheberrecht. Die Vervielf\u00e4ltigung, Bearbeitung, Verbreitung und jede Art der Verwertung au\u00dferhalb der Grenzen des Urheberrechtes bed\u00fcrfen der schriftlichen Zustimmung des jeweiligen Autors bzw. Erstellers. Downloads und Kopien dieser Seite sind nur f\u00fcr den privaten, nicht kommerziellen Gebrauch gestattet. Soweit die Inhalte auf dieser Seite nicht vom Betreiber erstellt wurden, werden die Urheberrechte Dritter beachtet. Insbesondere werden Inhalte Dritter als solche gekennzeichnet. Sollten Sie trotzdem auf eine Urheberrechtsverletzung aufmerksam werden, bitten wir um einen entsprechenden Hinweis. Bei Bekanntwerden von Rechtsverletzungen werden wir derartige Inhalte umgehend entfernen.<\/p>\n<p>Datenschutz<\/p>\n<p>Die Nutzung unserer Webseite ist in der Regel ohne Angabe personenbezogener Daten m\u00f6glich. Soweit auf unseren Seiten personenbezogene Daten (beispielsweise Name, Anschrift oder eMail-Adressen) erhoben werden, erfolgt dies, soweit m\u00f6glich, stets auf freiwilliger Basis. Diese Daten werden ohne Ihre ausdr\u00fcckliche Zustimmung nicht an Dritte weitergegeben.<\/p>\n<p>Wir weisen darauf hin, dass die Daten\u00fcbertragung im Internet (z.B. bei der Kommunikation per E-Mail) Sicherheitsl\u00fccken aufweisen kann. Ein l\u00fcckenloser Schutz der Daten vor dem Zugriff durch Dritte ist nicht m\u00f6glich.<\/p>\n<p>Der Nutzung von im Rahmen der Impressumspflicht ver\u00f6ffentlichten Kontaktdaten durch Dritte zur \u00dcbersendung von nicht ausdr\u00fccklich angeforderter Werbung und Informationsmaterialien wird hiermit ausdr\u00fccklich widersprochen. Die Betreiber der Seiten behalten sich ausdr\u00fccklich rechtliche Schritte im Falle der unverlangten Zusendung von Werbeinformationen, etwa durch Spam-Mails, vor.<\/p>\n","protected":false},"excerpt":{"rendered":"<p>BroadCastl by Radiocity Infotainment GmbH Hauptstra\u00dfe 40 6973 H\u00f6chst \u00d6sterreich Firmenbuch Nr 393720a UID: ATU67905957 Telefon: +43 5574 821 605 Fax: +43 5574 821 60 85 &#x69;&#x6e;&#x66;&#x6f;&#x40;&#x62;&#x72;&#x6f;&#x61;&#x64;&#x63;&#x61;&#x73;&#x74;&#x6c;&#x2e;&#x63;&#x6f;&#x6d; Bildrechte: Happy business woman hold credit card: \u00a9 Yuriy Shevtsov \u2013 AdobeStock Support Team: Mario Bertolini Copyright Alle Rechte, auch die der fotomechanischen Wiedergabe, der Vervielf\u00e4ltigung und der [&hellip;]<\/p>\n","protected":false},"author":2,"featured_media":0,"parent":0,"menu_order":0,"comment_status":"closed","ping_status":"closed","template":"page-nocontact-template.php","meta":[],"acf":[],"yoast_head":"<!-- This site is optimized with the Yoast SEO plugin v20.4 - https:\/\/yoast.com\/wordpress\/plugins\/seo\/ -->\n<title>Impressum - BroadCastl\u00ae Infotainmentsystem<\/title>\n<meta name=\"robots\" content=\"noindex, follow\" \/>\n<meta property=\"og:locale\" content=\"en_US\" \/>\n<meta property=\"og:type\" content=\"article\" \/>\n<meta property=\"og:title\" content=\"Impressum - BroadCastl\u00ae Infotainmentsystem\" \/>\n<meta property=\"og:description\" content=\"BroadCastl by Radiocity Infotainment GmbH Hauptstra\u00dfe 40 6973 H\u00f6chst \u00d6sterreich Firmenbuch Nr 393720a UID: ATU67905957 Telefon: +43 5574 821 605 Fax: +43 5574 821 60 85 &#x69;&#x6e;&#102;o&#x40;&#x62;&#114;&#111;a&#x64;&#x63;&#097;&#115;t&#x6c;&#x2e;&#099;om Bildrechte: Happy business woman hold credit card: \u00a9 Yuriy Shevtsov \u2013 AdobeStock Support Team: Mario Bertolini Copyright Alle Rechte, auch die der fotomechanischen Wiedergabe, der Vervielf\u00e4ltigung und der [&hellip;]\" \/>\n<meta property=\"og:url\" content=\"https:\/\/www.broadcastl.com\/en\/impressum\/\" \/>\n<meta property=\"og:site_name\" content=\"BroadCastl\u00ae Infotainmentsystem\" \/>\n<meta property=\"article:modified_time\" content=\"2019-09-06T09:21:48+00:00\" \/>\n<meta name=\"twitter:card\" content=\"summary_large_image\" \/>\n<meta name=\"twitter:label1\" content=\"Est. reading time\" \/>\n\t<meta name=\"twitter:data1\" content=\"3 minutes\" \/>\n<script type=\"application\/ld+json\" class=\"yoast-schema-graph\">{\"@context\":\"https:\/\/schema.org\",\"@graph\":[{\"@type\":\"WebPage\",\"@id\":\"https:\/\/www.broadcastl.com\/en\/impressum\/\",\"url\":\"https:\/\/www.broadcastl.com\/en\/impressum\/\",\"name\":\"Impressum - BroadCastl\u00ae Infotainmentsystem\",\"isPartOf\":{\"@id\":\"https:\/\/www.broadcastl.com\/#website\"},\"datePublished\":\"2017-09-08T07:51:59+00:00\",\"dateModified\":\"2019-09-06T09:21:48+00:00\",\"breadcrumb\":{\"@id\":\"https:\/\/www.broadcastl.com\/en\/impressum\/#breadcrumb\"},\"inLanguage\":\"en-US\",\"potentialAction\":[{\"@type\":\"ReadAction\",\"target\":[\"https:\/\/www.broadcastl.com\/en\/impressum\/\"]}]},{\"@type\":\"BreadcrumbList\",\"@id\":\"https:\/\/www.broadcastl.com\/en\/impressum\/#breadcrumb\",\"itemListElement\":[{\"@type\":\"ListItem\",\"position\":1,\"name\":\"Startseite\",\"item\":\"https:\/\/www.broadcastl.com\/en\/\"},{\"@type\":\"ListItem\",\"position\":2,\"name\":\"Impressum\"}]},{\"@type\":\"WebSite\",\"@id\":\"https:\/\/www.broadcastl.com\/#website\",\"url\":\"https:\/\/www.broadcastl.com\/\",\"name\":\"BroadCastl\u00ae Infotainmentsystem\",\"description\":\"\",\"potentialAction\":[{\"@type\":\"SearchAction\",\"target\":{\"@type\":\"EntryPoint\",\"urlTemplate\":\"https:\/\/www.broadcastl.com\/?s={search_term_string}\"},\"query-input\":\"required name=search_term_string\"}],\"inLanguage\":\"en-US\"}]}<\/script>\n<!-- \/ Yoast SEO plugin. -->","yoast_head_json":{"title":"Impressum - BroadCastl\u00ae Infotainmentsystem","robots":{"index":"noindex","follow":"follow"},"og_locale":"en_US","og_type":"article","og_title":"Impressum - BroadCastl\u00ae Infotainmentsystem","og_description":"BroadCastl by Radiocity Infotainment GmbH Hauptstra\u00dfe 40 6973 H\u00f6chst \u00d6sterreich Firmenbuch Nr 393720a UID: ATU67905957 Telefon: +43 5574 821 605 Fax: +43 5574 821 60 85 &#x69;&#x6e;&#102;o&#x40;&#x62;&#114;&#111;a&#x64;&#x63;&#97;&#115;t&#x6c;&#x2e;&#99;om Bildrechte: Happy business woman hold credit card: \u00a9 Yuriy Shevtsov \u2013 AdobeStock Support Team: Mario Bertolini Copyright Alle Rechte, auch die der fotomechanischen Wiedergabe, der Vervielf\u00e4ltigung und der [&hellip;]","og_url":"https:\/\/www.broadcastl.com\/en\/impressum\/","og_site_name":"BroadCastl\u00ae Infotainmentsystem","article_modified_time":"2019-09-06T09:21:48+00:00","twitter_card":"summary_large_image","twitter_misc":{"Est. reading time":"3 minutes"},"schema":{"@context":"https:\/\/schema.org","@graph":[{"@type":"WebPage","@id":"https:\/\/www.broadcastl.com\/en\/impressum\/","url":"https:\/\/www.broadcastl.com\/en\/impressum\/","name":"Impressum - BroadCastl\u00ae Infotainmentsystem","isPartOf":{"@id":"https:\/\/www.broadcastl.com\/#website"},"datePublished":"2017-09-08T07:51:59+00:00","dateModified":"2019-09-06T09:21:48+00:00","breadcrumb":{"@id":"https:\/\/www.broadcastl.com\/en\/impressum\/#breadcrumb"},"inLanguage":"en-US","potentialAction":[{"@type":"ReadAction","target":["https:\/\/www.broadcastl.com\/en\/impressum\/"]}]},{"@type":"BreadcrumbList","@id":"https:\/\/www.broadcastl.com\/en\/impressum\/#breadcrumb","itemListElement":[{"@type":"ListItem","position":1,"name":"Startseite","item":"https:\/\/www.broadcastl.com\/en\/"},{"@type":"ListItem","position":2,"name":"Impressum"}]},{"@type":"WebSite","@id":"https:\/\/www.broadcastl.com\/#website","url":"https:\/\/www.broadcastl.com\/","name":"BroadCastl\u00ae Infotainmentsystem","description":"","potentialAction":[{"@type":"SearchAction","target":{"@type":"EntryPoint","urlTemplate":"https:\/\/www.broadcastl.com\/?s={search_term_string}"},"query-input":"required name=search_term_string"}],"inLanguage":"en-US"}]}},"_links":{"self":[{"href":"https:\/\/www.broadcastl.com\/en\/wp-json\/wp\/v2\/pages\/139"}],"collection":[{"href":"https:\/\/www.broadcastl.com\/en\/wp-json\/wp\/v2\/pages"}],"about":[{"href":"https:\/\/www.broadcastl.com\/en\/wp-json\/wp\/v2\/types\/page"}],"author":[{"embeddable":true,"href":"https:\/\/www.broadcastl.com\/en\/wp-json\/wp\/v2\/users\/2"}],"replies":[{"embeddable":true,"href":"https:\/\/www.broadcastl.com\/en\/wp-json\/wp\/v2\/comments?post=139"}],"version-history":[{"count":4,"href":"https:\/\/www.broadcastl.com\/en\/wp-json\/wp\/v2\/pages\/139\/revisions"}],"predecessor-version":[{"id":909,"href":"https:\/\/www.broadcastl.com\/en\/wp-json\/wp\/v2\/pages\/139\/revisions\/909"}],"wp:attachment":[{"href":"https:\/\/www.broadcastl.com\/en\/wp-json\/wp\/v2\/media?parent=139"}],"curies":[{"name":"wp","href":"https:\/\/api.w.org\/{rel}","templated":true}]}}